{"id":331,"date":"2018-06-14T08:05:03","date_gmt":"2018-06-14T11:05:03","guid":{"rendered":"https:\/\/cnsgsorocaba.org.br\/web\/?page_id=331"},"modified":"2018-06-14T08:25:11","modified_gmt":"2018-06-14T11:25:11","slug":"relatorio-execucao-financeira-estadual-janeiro-2018","status":"publish","type":"page","link":"https:\/\/cnsgsorocaba.org.br\/web\/relatorio-execucao-financeira-estadual-janeiro-2018\/","title":{"rendered":"Relat\u00f3rio Execu\u00e7\u00e3o Financeira Estadual &#8211; Janeiro 2018"},"content":{"rendered":"<a href=\"https:\/\/cnsgsorocaba.org.br\/web\/wp-content\/uploads\/2018\/06\/RELAT\u00d3RIO-DE-EXECU\u00c7\u00c3O-FINANCEIRA-Estadual-Janeiro-2018.pdf\" class=\"pdfemb-viewer\" style=\"\" data-width=\"max\" data-height=\"max\"  data-toolbar=\"bottom\" data-toolbar-fixed=\"off\">RELAT\u00d3RIO DE EXECU\u00c7\u00c3O FINANCEIRA - Estadual - Janeiro 2018<br\/><\/a>\n","protected":false},"excerpt":{"rendered":"","protected":false},"author":1,"featured_media":0,"parent":0,"menu_order":0,"comment_status":"closed","ping_status":"closed","template":"","meta":{"footnotes":""},"acf":[],"_links":{"self":[{"href":"https:\/\/cnsgsorocaba.org.br\/web\/wp-json\/wp\/v2\/pages\/331"}],"collection":[{"href":"https:\/\/cnsgsorocaba.org.br\/web\/wp-json\/wp\/v2\/pages"}],"about":[{"href":"https:\/\/cnsgsorocaba.org.br\/web\/wp-json\/wp\/v2\/types\/page"}],"author":[{"embeddable":true,"href":"https:\/\/cnsgsorocaba.org.br\/web\/wp-json\/wp\/v2\/users\/1"}],"replies":[{"embeddable":true,"href":"https:\/\/cnsgsorocaba.org.br\/web\/wp-json\/wp\/v2\/comments?post=331"}],"version-history":[{"count":1,"href":"https:\/\/cnsgsorocaba.org.br\/web\/wp-json\/wp\/v2\/pages\/331\/revisions"}],"predecessor-version":[{"id":332,"href":"https:\/\/cnsgsorocaba.org.br\/web\/wp-json\/wp\/v2\/pages\/331\/revisions\/332"}],"wp:attachment":[{"href":"https:\/\/cnsgsorocaba.org.br\/web\/wp-json\/wp\/v2\/media?parent=331"}],"curies":[{"name":"wp","href":"https:\/\/api.w.org\/{rel}","templated":true}]}}