{"id":381,"date":"2018-06-14T08:52:14","date_gmt":"2018-06-14T11:52:14","guid":{"rendered":"https:\/\/cnsgsorocaba.org.br\/web\/?page_id=381"},"modified":"2018-06-14T08:52:36","modified_gmt":"2018-06-14T11:52:36","slug":"relatorio-execucao-financeira-federal-abril-2018","status":"publish","type":"page","link":"https:\/\/cnsgsorocaba.org.br\/web\/relatorio-execucao-financeira-federal-abril-2018\/","title":{"rendered":"Relat\u00f3rio Execu\u00e7\u00e3o Financeira Federal &#8211; Abril 2018"},"content":{"rendered":"<a href=\"https:\/\/cnsgsorocaba.org.br\/web\/wp-content\/uploads\/2018\/06\/RELAT\u00d3RIO-DE-EXECU\u00c7\u00c3O-FINANCEIRA-Federal-Abril-2018.pdf\" class=\"pdfemb-viewer\" style=\"\" data-width=\"max\" data-height=\"max\"  data-toolbar=\"bottom\" data-toolbar-fixed=\"off\">RELAT\u00d3RIO DE EXECU\u00c7\u00c3O FINANCEIRA - Federal - Abril 2018<br\/><\/a>\n","protected":false},"excerpt":{"rendered":"","protected":false},"author":1,"featured_media":0,"parent":0,"menu_order":0,"comment_status":"closed","ping_status":"closed","template":"","meta":{"footnotes":""},"acf":[],"_links":{"self":[{"href":"https:\/\/cnsgsorocaba.org.br\/web\/wp-json\/wp\/v2\/pages\/381"}],"collection":[{"href":"https:\/\/cnsgsorocaba.org.br\/web\/wp-json\/wp\/v2\/pages"}],"about":[{"href":"https:\/\/cnsgsorocaba.org.br\/web\/wp-json\/wp\/v2\/types\/page"}],"author":[{"embeddable":true,"href":"https:\/\/cnsgsorocaba.org.br\/web\/wp-json\/wp\/v2\/users\/1"}],"replies":[{"embeddable":true,"href":"https:\/\/cnsgsorocaba.org.br\/web\/wp-json\/wp\/v2\/comments?post=381"}],"version-history":[{"count":2,"href":"https:\/\/cnsgsorocaba.org.br\/web\/wp-json\/wp\/v2\/pages\/381\/revisions"}],"predecessor-version":[{"id":383,"href":"https:\/\/cnsgsorocaba.org.br\/web\/wp-json\/wp\/v2\/pages\/381\/revisions\/383"}],"wp:attachment":[{"href":"https:\/\/cnsgsorocaba.org.br\/web\/wp-json\/wp\/v2\/media?parent=381"}],"curies":[{"name":"wp","href":"https:\/\/api.w.org\/{rel}","templated":true}]}}