{"id":435,"date":"2018-06-22T07:49:07","date_gmt":"2018-06-22T10:49:07","guid":{"rendered":"https:\/\/cnsgsorocaba.org.br\/web\/?page_id=435"},"modified":"2018-06-22T07:50:11","modified_gmt":"2018-06-22T10:50:11","slug":"relacao-de-funcionarios-vinculados-pms","status":"publish","type":"page","link":"https:\/\/cnsgsorocaba.org.br\/web\/relacao-de-funcionarios-vinculados-pms\/","title":{"rendered":"Rela\u00e7\u00e3o de Funcion\u00e1rios &#8211; Vinculados  PMS"},"content":{"rendered":"<a href=\"https:\/\/cnsgsorocaba.org.br\/web\/wp-content\/uploads\/2018\/06\/Relao-de-Funcionrios-Vinculados-PMS.pdf\" class=\"pdfemb-viewer\" style=\"\" data-width=\"max\" data-height=\"max\"  data-toolbar=\"bottom\" data-toolbar-fixed=\"off\">Relao de Funcionrios - Vinculados PMS<br\/><\/a>\n","protected":false},"excerpt":{"rendered":"","protected":false},"author":1,"featured_media":0,"parent":0,"menu_order":0,"comment_status":"closed","ping_status":"closed","template":"","meta":{"footnotes":""},"acf":[],"_links":{"self":[{"href":"https:\/\/cnsgsorocaba.org.br\/web\/wp-json\/wp\/v2\/pages\/435"}],"collection":[{"href":"https:\/\/cnsgsorocaba.org.br\/web\/wp-json\/wp\/v2\/pages"}],"about":[{"href":"https:\/\/cnsgsorocaba.org.br\/web\/wp-json\/wp\/v2\/types\/page"}],"author":[{"embeddable":true,"href":"https:\/\/cnsgsorocaba.org.br\/web\/wp-json\/wp\/v2\/users\/1"}],"replies":[{"embeddable":true,"href":"https:\/\/cnsgsorocaba.org.br\/web\/wp-json\/wp\/v2\/comments?post=435"}],"version-history":[{"count":2,"href":"https:\/\/cnsgsorocaba.org.br\/web\/wp-json\/wp\/v2\/pages\/435\/revisions"}],"predecessor-version":[{"id":438,"href":"https:\/\/cnsgsorocaba.org.br\/web\/wp-json\/wp\/v2\/pages\/435\/revisions\/438"}],"wp:attachment":[{"href":"https:\/\/cnsgsorocaba.org.br\/web\/wp-json\/wp\/v2\/media?parent=435"}],"curies":[{"name":"wp","href":"https:\/\/api.w.org\/{rel}","templated":true}]}}