{"id":571,"date":"2019-01-22T13:14:02","date_gmt":"2019-01-22T15:14:02","guid":{"rendered":"https:\/\/cnsgsorocaba.org.br\/web\/?page_id=571"},"modified":"2019-01-22T13:15:03","modified_gmt":"2019-01-22T15:15:03","slug":"relatorio-execucao-financeira-federal-junhp-2018","status":"publish","type":"page","link":"https:\/\/cnsgsorocaba.org.br\/web\/relatorio-execucao-financeira-federal-junhp-2018\/","title":{"rendered":"Relat\u00f3rio Execu\u00e7\u00e3o Financeira Federal \u2013 Junho 2018"},"content":{"rendered":"<a href=\"https:\/\/cnsgsorocaba.org.br\/web\/wp-content\/uploads\/2019\/01\/CNSG_Federal_Junho_2018.pdf\" class=\"pdfemb-viewer\" style=\"\" data-width=\"max\" data-height=\"max\"  data-toolbar=\"bottom\" data-toolbar-fixed=\"off\">CNSG_Federal_Junho_2018<br\/><\/a>\n","protected":false},"excerpt":{"rendered":"","protected":false},"author":1,"featured_media":0,"parent":0,"menu_order":0,"comment_status":"closed","ping_status":"closed","template":"","meta":{"footnotes":""},"acf":[],"_links":{"self":[{"href":"https:\/\/cnsgsorocaba.org.br\/web\/wp-json\/wp\/v2\/pages\/571"}],"collection":[{"href":"https:\/\/cnsgsorocaba.org.br\/web\/wp-json\/wp\/v2\/pages"}],"about":[{"href":"https:\/\/cnsgsorocaba.org.br\/web\/wp-json\/wp\/v2\/types\/page"}],"author":[{"embeddable":true,"href":"https:\/\/cnsgsorocaba.org.br\/web\/wp-json\/wp\/v2\/users\/1"}],"replies":[{"embeddable":true,"href":"https:\/\/cnsgsorocaba.org.br\/web\/wp-json\/wp\/v2\/comments?post=571"}],"version-history":[{"count":2,"href":"https:\/\/cnsgsorocaba.org.br\/web\/wp-json\/wp\/v2\/pages\/571\/revisions"}],"predecessor-version":[{"id":575,"href":"https:\/\/cnsgsorocaba.org.br\/web\/wp-json\/wp\/v2\/pages\/571\/revisions\/575"}],"wp:attachment":[{"href":"https:\/\/cnsgsorocaba.org.br\/web\/wp-json\/wp\/v2\/media?parent=571"}],"curies":[{"name":"wp","href":"https:\/\/api.w.org\/{rel}","templated":true}]}}